{"id":302,"date":"2024-02-01T13:12:00","date_gmt":"2024-02-01T13:12:00","guid":{"rendered":"https:\/\/wbsrc.home.pl\/autoinstalator\/wordpress\/?page_id=302"},"modified":"2024-03-06T11:49:34","modified_gmt":"2024-03-06T11:49:34","slug":"o-firmie","status":"publish","type":"page","link":"https:\/\/wbsaudyt.pl\/?page_id=302","title":{"rendered":"O Firmie"},"content":{"rendered":"\t\t<div data-elementor-type=\"wp-page\" data-elementor-id=\"302\" class=\"elementor elementor-302\" data-elementor-post-type=\"page\">\n\t\t\t\t\t\t<section class=\"elementor-section elementor-top-section elementor-element elementor-element-3ded4c9e elementor-section-height-min-height elementor-section-boxed elementor-section-height-default elementor-section-items-middle elementor-invisible\" data-id=\"3ded4c9e\" data-element_type=\"section\" data-settings=\"{&quot;background_background&quot;:&quot;classic&quot;,&quot;animation&quot;:&quot;fadeIn&quot;}\">\n\t\t\t\t\t\t\t<div class=\"elementor-background-overlay\"><\/div>\n\t\t\t\t\t\t\t<div class=\"elementor-container elementor-column-gap-wider\">\n\t\t\t\t\t<div class=\"elementor-column elementor-col-100 elementor-top-column elementor-element elementor-element-2791d00e\" data-id=\"2791d00e\" data-element_type=\"column\">\n\t\t\t<div class=\"elementor-widget-wrap elementor-element-populated\">\n\t\t\t\t\t\t<div class=\"elementor-element elementor-element-3be5493 elementor-widget elementor-widget-heading\" data-id=\"3be5493\" data-element_type=\"widget\" data-widget_type=\"heading.default\">\n\t\t\t\t<div class=\"elementor-widget-container\">\n\t\t\t<style>\/*! elementor - v3.19.0 - 28-02-2024 *\/\n.elementor-heading-title{padding:0;margin:0;line-height:1}.elementor-widget-heading .elementor-heading-title[class*=elementor-size-]>a{color:inherit;font-size:inherit;line-height:inherit}.elementor-widget-heading .elementor-heading-title.elementor-size-small{font-size:15px}.elementor-widget-heading .elementor-heading-title.elementor-size-medium{font-size:19px}.elementor-widget-heading .elementor-heading-title.elementor-size-large{font-size:29px}.elementor-widget-heading .elementor-heading-title.elementor-size-xl{font-size:39px}.elementor-widget-heading .elementor-heading-title.elementor-size-xxl{font-size:59px}<\/style><h2 class=\"elementor-heading-title elementor-size-default\">O Firmie<\/h2>\t\t<\/div>\n\t\t\t\t<\/div>\n\t\t\t\t<div class=\"elementor-element elementor-element-317e50e7 elementor-widget elementor-widget-text-editor\" data-id=\"317e50e7\" data-element_type=\"widget\" data-widget_type=\"text-editor.default\">\n\t\t\t\t<div class=\"elementor-widget-container\">\n\t\t\t<style>\/*! elementor - v3.19.0 - 28-02-2024 *\/\n.elementor-widget-text-editor.elementor-drop-cap-view-stacked .elementor-drop-cap{background-color:#69727d;color:#fff}.elementor-widget-text-editor.elementor-drop-cap-view-framed .elementor-drop-cap{color:#69727d;border:3px solid;background-color:transparent}.elementor-widget-text-editor:not(.elementor-drop-cap-view-default) .elementor-drop-cap{margin-top:8px}.elementor-widget-text-editor:not(.elementor-drop-cap-view-default) .elementor-drop-cap-letter{width:1em;height:1em}.elementor-widget-text-editor .elementor-drop-cap{float:left;text-align:center;line-height:1;font-size:50px}.elementor-widget-text-editor .elementor-drop-cap-letter{display:inline-block}<\/style>\t\t\t\t<p>Do\u015bwiadczenie i najwy\u017csza jako\u015b\u0107 od lat<\/p>\t\t\t\t\t\t<\/div>\n\t\t\t\t<\/div>\n\t\t\t\t<div class=\"elementor-element elementor-element-129bd4d elementor-align-center elementor-widget__width-auto elementor-widget elementor-widget-button\" data-id=\"129bd4d\" data-element_type=\"widget\" data-widget_type=\"button.default\">\n\t\t\t\t<div class=\"elementor-widget-container\">\n\t\t\t\t\t<div class=\"elementor-button-wrapper\">\n\t\t\t<a class=\"elementor-button elementor-button-link elementor-size-md elementor-animation-grow\" href=\"https:\/\/www.wbsaudyt.pl\/?page_id=364\">\n\t\t\t\t\t\t<span class=\"elementor-button-content-wrapper\">\n\t\t\t\t\t\t<span class=\"elementor-button-text\">Nasza oferta<\/span>\n\t\t<\/span>\n\t\t\t\t\t<\/a>\n\t\t<\/div>\n\t\t\t\t<\/div>\n\t\t\t\t<\/div>\n\t\t\t\t\t<\/div>\n\t\t<\/div>\n\t\t\t\t\t<\/div>\n\t\t<\/section>\n\t\t\t\t<section class=\"elementor-section elementor-top-section elementor-element elementor-element-56a0080e elementor-section-boxed elementor-section-height-default elementor-section-height-default\" data-id=\"56a0080e\" data-element_type=\"section\" data-settings=\"{&quot;background_background&quot;:&quot;classic&quot;}\">\n\t\t\t\t\t\t<div class=\"elementor-container elementor-column-gap-default\">\n\t\t\t\t\t<div class=\"elementor-column elementor-col-100 elementor-top-column elementor-element elementor-element-50ea0f96\" data-id=\"50ea0f96\" data-element_type=\"column\">\n\t\t\t<div class=\"elementor-widget-wrap elementor-element-populated\">\n\t\t\t\t\t\t<section class=\"elementor-section elementor-inner-section elementor-element elementor-element-402d28f0 elementor-section-boxed elementor-section-height-default elementor-section-height-default\" data-id=\"402d28f0\" data-element_type=\"section\">\n\t\t\t\t\t\t<div class=\"elementor-container elementor-column-gap-wider\">\n\t\t\t\t\t<div class=\"elementor-column elementor-col-100 elementor-inner-column elementor-element elementor-element-64d97183\" data-id=\"64d97183\" data-element_type=\"column\">\n\t\t\t<div class=\"elementor-widget-wrap elementor-element-populated\">\n\t\t\t\t\t\t<div class=\"elementor-element elementor-element-339a33f elementor-widget elementor-widget-heading\" data-id=\"339a33f\" data-element_type=\"widget\" data-widget_type=\"heading.default\">\n\t\t\t\t<div class=\"elementor-widget-container\">\n\t\t\t<h3 class=\"elementor-heading-title elementor-size-default\">O firmie<\/h3>\t\t<\/div>\n\t\t\t\t<\/div>\n\t\t\t\t<div class=\"elementor-element elementor-element-7a73d203 elementor-widget elementor-widget-text-editor\" data-id=\"7a73d203\" data-element_type=\"widget\" data-widget_type=\"text-editor.default\">\n\t\t\t\t<div class=\"elementor-widget-container\">\n\t\t\t\t\t\t\t<p><strong>WBS Audyt Sp. z o.o.<\/strong>\u00a0jest podmiotem dzia\u0142aj\u0105cym w szeroko rozumianym obszarze rachunkowo\u015bci. Proponujemy klientom us\u0142ugi i us\u0142ugi rewizyjne takie jak: badania i przegl\u0105dy sprawozda\u0144 finansowych, badania plan\u00f3w przekszta\u0142cenia, wartosci aport\u00f3w, sprawozda\u0144 zarz\u0105du itp.<\/p><p><strong>WBS Audyt Sp. z o.o.<\/strong>\u00a0 funkcjonuje na rynku warszawskich us\u0142ug rewizji finansowej jako podmiot wpisany na list\u0119 podmiot\u00f3w\u00a0 uprawnionych do badania sprawozda\u0144 finansowych prowadzon\u0105 przez \u00a0Krajow\u0105 Rad\u0119 Bieg\u0142ych Rewident\u00f3w \u00a0od 2011 roku. Firma WBS Audyt Sp. z o.o. jest znana i uznawana na rynku warszawskim, a istotn\u0105 cz\u0119\u015b\u0107 dzia\u0142alno\u015bci Sp\u00f3\u0142ki stanowi\u0105 inne ni\u017c badania i przegl\u0105dy us\u0142ugi atestacyjne i doradcze. Sp\u00f3\u0142ka jest audytorem tak\u017ce jednostek zainteresowania publicznego oraz funduszy inwestycyjnych.<\/p><p><strong>Sp\u00f3lka zatrudnia bieg\u0142ych rewident\u00f3w, a tak\u017ce wsp\u00f3\u0142pracuje ze ekspertami i konsultantami<\/strong><strong>.<\/strong><\/p><p>Dzia\u0142alno\u015b\u0107 WBS Audyt opiera si\u0119 na fachowym personelu, kt\u00f3rego do\u015bwiadczenie potwierdza wieloletnia praca w zawodzie ksi\u0119gowego i audytora.<\/p><p><u>Nasz kluczowy personel stanowi\u0105:<\/u><\/p><p><strong>Marcin Wasil<\/strong>\u00a0&#8211; Prezes Zarz\u0105du, samodzielny ksi\u0119gowy od 2000r. oraz Bieg\u0142y Rewident od 2003r. &#8211; Pracuj\u0105cy przy badaniu sprawozda\u0144 finansowych oraz prowadzeniu ksi\u0105g rachunkowych od 1993 roku (w tym od 2000 roku w WBS Rachunkowo\u015b\u0107 Consulting). Ekspert z zakresu organizacji system\u00f3w rachunkowo\u015bci oraz badania sprawozda\u0144 finansowych.<b><br \/><\/b><\/p><p><strong>Jaros\u0142aw \u017by\u0142a<\/strong>\u00a0&#8211; prokurent Sp\u00f3\u0142ki, Bieg\u0142y Rewident od 2013r. Specjalista ds. Due Diligence, posiadaj\u0105cy wieloletnie do\u015bwiadczenie w zakresie badania sprawozda\u0144 finansowych, w szczeg\u00f3lno\u015bci sporz\u0105dzanych wg MSSF\/MSR, jak r\u00f3wnie\u017c uczestnictwa w r\u00f3\u017cnego rodzaju przedsi\u0119wzi\u0119ciach z \u00a0zakresu przej\u0119\u0107, fuzji, po\u0142\u0105cze\u0144 i wycen. \u00a0<\/p><p><strong>Anna Wierzbicka<\/strong>\u00a0&#8211; aplikant.<\/p>\t\t\t\t\t\t<\/div>\n\t\t\t\t<\/div>\n\t\t\t\t<div class=\"elementor-element elementor-element-4796b12 elementor-widget elementor-widget-heading\" data-id=\"4796b12\" data-element_type=\"widget\" data-widget_type=\"heading.default\">\n\t\t\t\t<div class=\"elementor-widget-container\">\n\t\t\t<h3 class=\"elementor-heading-title elementor-size-default\">Osi\u0105gni\u0119cia<\/h3>\t\t<\/div>\n\t\t\t\t<\/div>\n\t\t\t\t<div class=\"elementor-element elementor-element-8b0b4b7 elementor-widget elementor-widget-text-editor\" data-id=\"8b0b4b7\" data-element_type=\"widget\" data-widget_type=\"text-editor.default\">\n\t\t\t\t<div class=\"elementor-widget-container\">\n\t\t\t\t\t\t\t<p>WBS Audyt\u00a0\u00a0sp. z o.o. \u00a0znalaz\u0142a sie w gronie najwi\u0119kszych audytor\u00f3w dorocznego rankingu\u00a0Dziennika\u00a0<strong>&#8222;Rzeczpospolita&#8221;\u00a0<\/strong>oraz \u00a0Gazety Gie\u0142dy\u00a0<strong>&#8222;Parkiet&#8221;.<\/strong><\/p><p>Nasza sp\u00f3\u0142ka w\u00a0rankingu Najbardziej Aktywna Firma Audytorska Na Rynku New Connect w 2013 roku uplasowa\u0142a si\u0119 na II\u2013gim miejscu!\u00a0\u00a0<\/p><p>Natomiast w rankingu audytor\u00f3w zorganizowanym przez\u00a0\u00a0\u201e<b>Rzeczpospolit\u0105\u201d<\/b>\u00a0w\u015br\u00f3d najlepszych firm audytorskich 2013 znale\u017cli\u015bmy si\u0119 \u00a0na 31. miejscu.<\/p>\t\t\t\t\t\t<\/div>\n\t\t\t\t<\/div>\n\t\t\t\t<div class=\"elementor-element elementor-element-14fb6b4 elementor-widget elementor-widget-spacer\" data-id=\"14fb6b4\" data-element_type=\"widget\" data-widget_type=\"spacer.default\">\n\t\t\t\t<div class=\"elementor-widget-container\">\n\t\t\t<style>\/*! elementor - v3.19.0 - 28-02-2024 *\/\n.elementor-column .elementor-spacer-inner{height:var(--spacer-size)}.e-con{--container-widget-width:100%}.e-con-inner>.elementor-widget-spacer,.e-con>.elementor-widget-spacer{width:var(--container-widget-width,var(--spacer-size));--align-self:var(--container-widget-align-self,initial);--flex-shrink:0}.e-con-inner>.elementor-widget-spacer>.elementor-widget-container,.e-con>.elementor-widget-spacer>.elementor-widget-container{height:100%;width:100%}.e-con-inner>.elementor-widget-spacer>.elementor-widget-container>.elementor-spacer,.e-con>.elementor-widget-spacer>.elementor-widget-container>.elementor-spacer{height:100%}.e-con-inner>.elementor-widget-spacer>.elementor-widget-container>.elementor-spacer>.elementor-spacer-inner,.e-con>.elementor-widget-spacer>.elementor-widget-container>.elementor-spacer>.elementor-spacer-inner{height:var(--container-widget-height,var(--spacer-size))}.e-con-inner>.elementor-widget-spacer.elementor-widget-empty,.e-con>.elementor-widget-spacer.elementor-widget-empty{position:relative;min-height:22px;min-width:22px}.e-con-inner>.elementor-widget-spacer.elementor-widget-empty .elementor-widget-empty-icon,.e-con>.elementor-widget-spacer.elementor-widget-empty .elementor-widget-empty-icon{position:absolute;top:0;bottom:0;left:0;right:0;margin:auto;padding:0;width:22px;height:22px}<\/style>\t\t<div class=\"elementor-spacer\">\n\t\t\t<div class=\"elementor-spacer-inner\"><\/div>\n\t\t<\/div>\n\t\t\t\t<\/div>\n\t\t\t\t<\/div>\n\t\t\t\t<div class=\"elementor-element elementor-element-c88c759 elementor-widget elementor-widget-heading\" data-id=\"c88c759\" data-element_type=\"widget\" data-widget_type=\"heading.default\">\n\t\t\t\t<div class=\"elementor-widget-container\">\n\t\t\t<h3 class=\"elementor-heading-title elementor-size-default\">Partnerzy<\/h3>\t\t<\/div>\n\t\t\t\t<\/div>\n\t\t\t\t<div class=\"elementor-element elementor-element-4bbbb3d elementor-widget elementor-widget-text-editor\" data-id=\"4bbbb3d\" data-element_type=\"widget\" data-widget_type=\"text-editor.default\">\n\t\t\t\t<div class=\"elementor-widget-container\">\n\t\t\t\t\t\t\t<p style=\"font-weight: 400;\"><strong>EBC Solicitors S.A.<\/strong>&#8211; Sp\u00f3\u0142ka EBC jest niezale\u017cn\u0105 polsk\u0105 kancelari\u0105 adwokack\u0105, specjalizuj\u0105c\u0105 si\u0119 w profesjonalnej obs\u0142udze podmiot\u00f3w gospodarczych. Kancelaria posiada znacz\u0105ce do\u015bwiadczenie w zakresie obs\u0142ugi podmiot\u00f3w dokonuj\u0105cych inwestycji na rynku kapita\u0142owym, w tym funduszy private equity lub venture capital. Posiadane kompetencje i do\u015bwiadczenie pozwoli\u0142y Sp\u00f3\u0142ce. uzyska\u0107 status Autoryzowanego Doradcy w alternatywnym systemie obrotu organizowanym przez Gie\u0142d\u0119 Papier\u00f3w Warto\u015bciowych w Warszawie (na rynku NewConnect). Sp\u00f3\u0142ka zatrudnia 18 os\u00f3b, w tym w Warszawie 14 os\u00f3b.\u00a0<\/p><p style=\"font-weight: 400;\"><strong>AVCS Sp. z o.o.<\/strong>\u00a0&#8211; Sp\u00f3\u0142ka powsta\u0142a w 2008 roku poprzez wydzielenie ze sp\u00f3\u0142ki A&amp;E Consult Grupa Konsultingowa Sp. z o.o. jednego z obszar\u00f3w dzia\u0142alno\u015bci, zwi\u0105zanego z us\u0142ugami aktuarialnymi. W chwili obecnej poza wycenami rezerw na \u015bwiadczenia pracownicze\u00a0AVCS Sp. z o.o.\u00a0\u015bwiadczy pe\u0142en zakres us\u0142ug z zakresu oszacowania zar\u00f3wno podmiot\u00f3w gospodarczych, jak i sk\u0142adnik\u00f3w aktyw\u00f3w i pasyw\u00f3w oraz szeroki wachlarz us\u0142ug z zakresu corporate finance.<br \/>Management Sp\u00f3\u0142ki posiada wieloletnie do\u015bwiadczenie w kluczowych ga\u0142\u0119ziach polskiej gospodarki, w tym tak\u017ce o znaczeniu strategicznym. Uczestniczy\u0142 w licznych transakcjach fuzji i przej\u0119\u0107, ofertach na rynku publicznym oraz procesach prywatyzacyjnych i restrukturyzacyjnych.<\/p>\t\t\t\t\t\t<\/div>\n\t\t\t\t<\/div>\n\t\t\t\t<div class=\"elementor-element elementor-element-76ff41a elementor-widget elementor-widget-heading\" data-id=\"76ff41a\" data-element_type=\"widget\" data-widget_type=\"heading.default\">\n\t\t\t\t<div class=\"elementor-widget-container\">\n\t\t\t<h3 class=\"elementor-heading-title elementor-size-default\">Klienci<\/h3>\t\t<\/div>\n\t\t\t\t<\/div>\n\t\t\t\t<div class=\"elementor-element elementor-element-692e246 elementor-widget elementor-widget-text-editor\" data-id=\"692e246\" data-element_type=\"widget\" data-widget_type=\"text-editor.default\">\n\t\t\t\t<div class=\"elementor-widget-container\">\n\t\t\t\t\t\t\t<ul><li style=\"font-weight: 400;\" aria-level=\"1\"><span style=\"font-weight: 400;\">Evo Dom Maklerski S.A.<\/span><\/li><li style=\"font-weight: 400;\" aria-level=\"1\"><span style=\"font-weight: 400;\">INTERNITY S.A.<\/span><\/li><li style=\"font-weight: 400;\" aria-level=\"1\"><span style=\"font-weight: 400;\">Reesco sp. z o.o.<\/span><\/li><li style=\"font-weight: 400;\" aria-level=\"1\"><span style=\"font-weight: 400;\">ERIF Biuro Informacji Gospodarczej S.A.<\/span><\/li><li style=\"font-weight: 400;\" aria-level=\"1\"><span style=\"font-weight: 400;\">Fleet Center Sp. z. o.o.<\/span><\/li><li style=\"font-weight: 400;\" aria-level=\"1\"><span style=\"font-weight: 400;\">FUNDINGBOX DEEP TECH FUND Sp. z o.o. ASI. Sp. K. A.<\/span><\/li><li style=\"font-weight: 400;\" aria-level=\"1\"><span style=\"font-weight: 400;\">IMPERA ALFA ASI Sp. z o.o.<\/span><\/li><li style=\"font-weight: 400;\" aria-level=\"1\"><span style=\"font-weight: 400;\">National Defense Systems S.A.<\/span><\/li><li style=\"font-weight: 400;\" aria-level=\"1\"><span style=\"font-weight: 400;\">Zak\u0142ady Przemys\u0142u Ziemniaczanego &#8222;LUBLIN&#8221; Sp. z o.o.<\/span><\/li><li style=\"font-weight: 400;\" aria-level=\"1\"><span style=\"font-weight: 400;\">Grupa HRC S.A.<\/span><\/li><li style=\"font-weight: 400;\" aria-level=\"1\"><span style=\"font-weight: 400;\">Zak\u0142ady Us\u0142ugowe &#8222;Centrum-Us\u0142uga&#8221; Sp. z o.o.<\/span><\/li><li style=\"font-weight: 400;\" aria-level=\"1\"><span style=\"font-weight: 400;\">Osiecki inwestycje Sp. z. o.o.<\/span><\/li><li style=\"font-weight: 400;\" aria-level=\"1\"><span style=\"font-weight: 400;\">7Levels S.A.<\/span><\/li><li style=\"font-weight: 400;\" aria-level=\"1\"><span style=\"font-weight: 400;\">Modessa Polska Sp. z o.o.<\/span><\/li><li style=\"font-weight: 400;\" aria-level=\"1\"><span style=\"font-weight: 400;\">Nestmedic S.A.<\/span><\/li><li style=\"font-weight: 400;\" aria-level=\"1\"><span style=\"font-weight: 400;\">Reesco Sp. z o.o.<\/span><\/li><\/ul>\t\t\t\t\t\t<\/div>\n\t\t\t\t<\/div>\n\t\t\t\t<div class=\"elementor-element elementor-element-95bcfe8 elementor-widget elementor-widget-heading\" data-id=\"95bcfe8\" data-element_type=\"widget\" data-widget_type=\"heading.default\">\n\t\t\t\t<div class=\"elementor-widget-container\">\n\t\t\t<h3 class=\"elementor-heading-title elementor-size-default\">Jednostki zainteresowania publicznego<\/h3>\t\t<\/div>\n\t\t\t\t<\/div>\n\t\t\t\t<div class=\"elementor-element elementor-element-dce7f46 elementor-widget elementor-widget-text-editor\" data-id=\"dce7f46\" data-element_type=\"widget\" data-widget_type=\"text-editor.default\">\n\t\t\t\t<div class=\"elementor-widget-container\">\n\t\t\t\t\t\t\t<ul><li style=\"font-weight: 400;\" aria-level=\"1\"><span style=\"font-weight: 400;\">Capital Partners S.A.<\/span><\/li><li style=\"font-weight: 400;\" aria-level=\"1\"><span style=\"font-weight: 400;\">Przedsi\u0119biorstwo Przemys\u0142u Spo\u017cywczego &#8222;PEPEES&#8221; S.A.<\/span><\/li><li style=\"font-weight: 400;\" aria-level=\"1\"><span style=\"font-weight: 400;\">Soho Development S.A.<\/span><\/li><li style=\"font-weight: 400;\" aria-level=\"1\"><span style=\"font-weight: 400;\">Libet S.A.<\/span><\/li><li style=\"font-weight: 400;\" aria-level=\"1\"><span style=\"font-weight: 400;\">Larq S.A.<\/span><\/li><\/ul>\t\t\t\t\t\t<\/div>\n\t\t\t\t<\/div>\n\t\t\t\t\t<\/div>\n\t\t<\/div>\n\t\t\t\t\t<\/div>\n\t\t<\/section>\n\t\t\t\t\t<\/div>\n\t\t<\/div>\n\t\t\t\t\t<\/div>\n\t\t<\/section>\n\t\t\t\t<\/div>\n\t\t","protected":false},"excerpt":{"rendered":"<p>O Firmie Do\u015bwiadczenie i najwy\u017csza jako\u015b\u0107 od lat Nasza oferta O firmie WBS Audyt Sp. z o.o.\u00a0jest podmiotem dzia\u0142aj\u0105cym w szeroko rozumianym obszarze rachunkowo\u015bci. Proponujemy klientom us\u0142ugi i us\u0142ugi rewizyjne takie jak: badania i przegl\u0105dy sprawozda\u0144 finansowych, badania plan\u00f3w przekszta\u0142cenia, wartosci aport\u00f3w, sprawozda\u0144 zarz\u0105du itp. WBS Audyt Sp. z o.o.\u00a0 funkcjonuje na rynku warszawskich us\u0142ug [&hellip;]<\/p>\n","protected":false},"author":1,"featured_media":0,"parent":0,"menu_order":0,"comment_status":"closed","ping_status":"closed","template":"","meta":{"footnotes":""},"yoast_head":"<!-- This site is optimized with the Yoast SEO plugin v22.2 - https:\/\/yoast.com\/wordpress\/plugins\/seo\/ -->\n<title>O Firmie - Wbs Audyt<\/title>\n<meta name=\"robots\" content=\"index, follow, max-snippet:-1, max-image-preview:large, max-video-preview:-1\" \/>\n<link rel=\"canonical\" href=\"https:\/\/wbsaudyt.pl\/?page_id=302\" \/>\n<meta property=\"og:locale\" content=\"pl_PL\" \/>\n<meta property=\"og:type\" content=\"article\" \/>\n<meta property=\"og:title\" content=\"O Firmie - Wbs Audyt\" \/>\n<meta property=\"og:description\" content=\"O Firmie Do\u015bwiadczenie i najwy\u017csza jako\u015b\u0107 od lat Nasza oferta O firmie WBS Audyt Sp. z o.o.\u00a0jest podmiotem dzia\u0142aj\u0105cym w szeroko rozumianym obszarze rachunkowo\u015bci. Proponujemy klientom us\u0142ugi i us\u0142ugi rewizyjne takie jak: badania i przegl\u0105dy sprawozda\u0144 finansowych, badania plan\u00f3w przekszta\u0142cenia, wartosci aport\u00f3w, sprawozda\u0144 zarz\u0105du itp. WBS Audyt Sp. z o.o.\u00a0 funkcjonuje na rynku warszawskich us\u0142ug [&hellip;]\" \/>\n<meta property=\"og:url\" content=\"https:\/\/wbsaudyt.pl\/?page_id=302\" \/>\n<meta property=\"og:site_name\" content=\"Wbs Audyt\" \/>\n<meta property=\"article:modified_time\" content=\"2024-03-06T11:49:34+00:00\" \/>\n<meta name=\"twitter:card\" content=\"summary_large_image\" \/>\n<meta name=\"twitter:label1\" content=\"Szacowany czas czytania\" \/>\n\t<meta name=\"twitter:data1\" content=\"4 minuty\" \/>\n<script type=\"application\/ld+json\" class=\"yoast-schema-graph\">{\"@context\":\"https:\/\/schema.org\",\"@graph\":[{\"@type\":\"WebPage\",\"@id\":\"https:\/\/wbsaudyt.pl\/?page_id=302\",\"url\":\"https:\/\/wbsaudyt.pl\/?page_id=302\",\"name\":\"O Firmie - Wbs Audyt\",\"isPartOf\":{\"@id\":\"https:\/\/wbsaudyt.pl\/#website\"},\"datePublished\":\"2024-02-01T13:12:00+00:00\",\"dateModified\":\"2024-03-06T11:49:34+00:00\",\"breadcrumb\":{\"@id\":\"https:\/\/wbsaudyt.pl\/?page_id=302#breadcrumb\"},\"inLanguage\":\"pl-PL\",\"potentialAction\":[{\"@type\":\"ReadAction\",\"target\":[\"https:\/\/wbsaudyt.pl\/?page_id=302\"]}]},{\"@type\":\"BreadcrumbList\",\"@id\":\"https:\/\/wbsaudyt.pl\/?page_id=302#breadcrumb\",\"itemListElement\":[{\"@type\":\"ListItem\",\"position\":1,\"name\":\"Strona g\u0142\u00f3wna\",\"item\":\"https:\/\/wbsaudyt.pl\/\"},{\"@type\":\"ListItem\",\"position\":2,\"name\":\"O Firmie\"}]},{\"@type\":\"WebSite\",\"@id\":\"https:\/\/wbsaudyt.pl\/#website\",\"url\":\"https:\/\/wbsaudyt.pl\/\",\"name\":\"Wbs Audyt\",\"description\":\"\",\"publisher\":{\"@id\":\"https:\/\/wbsaudyt.pl\/#organization\"},\"potentialAction\":[{\"@type\":\"SearchAction\",\"target\":{\"@type\":\"EntryPoint\",\"urlTemplate\":\"https:\/\/wbsaudyt.pl\/?s={search_term_string}\"},\"query-input\":\"required name=search_term_string\"}],\"inLanguage\":\"pl-PL\"},{\"@type\":\"Organization\",\"@id\":\"https:\/\/wbsaudyt.pl\/#organization\",\"name\":\"Wbs Audyt\",\"url\":\"https:\/\/wbsaudyt.pl\/\",\"logo\":{\"@type\":\"ImageObject\",\"inLanguage\":\"pl-PL\",\"@id\":\"https:\/\/wbsaudyt.pl\/#\/schema\/logo\/image\/\",\"url\":\"https:\/\/wbsrc.home.pl\/autoinstalator\/wordpress\/wp-content\/uploads\/2024\/01\/wbs_logo.png\",\"contentUrl\":\"https:\/\/wbsrc.home.pl\/autoinstalator\/wordpress\/wp-content\/uploads\/2024\/01\/wbs_logo.png\",\"width\":598,\"height\":283,\"caption\":\"Wbs Audyt\"},\"image\":{\"@id\":\"https:\/\/wbsaudyt.pl\/#\/schema\/logo\/image\/\"}}]}<\/script>\n<!-- \/ Yoast SEO plugin. -->","yoast_head_json":{"title":"O Firmie - Wbs Audyt","robots":{"index":"index","follow":"follow","max-snippet":"max-snippet:-1","max-image-preview":"max-image-preview:large","max-video-preview":"max-video-preview:-1"},"canonical":"https:\/\/wbsaudyt.pl\/?page_id=302","og_locale":"pl_PL","og_type":"article","og_title":"O Firmie - Wbs Audyt","og_description":"O Firmie Do\u015bwiadczenie i najwy\u017csza jako\u015b\u0107 od lat Nasza oferta O firmie WBS Audyt Sp. z o.o.\u00a0jest podmiotem dzia\u0142aj\u0105cym w szeroko rozumianym obszarze rachunkowo\u015bci. Proponujemy klientom us\u0142ugi i us\u0142ugi rewizyjne takie jak: badania i przegl\u0105dy sprawozda\u0144 finansowych, badania plan\u00f3w przekszta\u0142cenia, wartosci aport\u00f3w, sprawozda\u0144 zarz\u0105du itp. WBS Audyt Sp. z o.o.\u00a0 funkcjonuje na rynku warszawskich us\u0142ug [&hellip;]","og_url":"https:\/\/wbsaudyt.pl\/?page_id=302","og_site_name":"Wbs Audyt","article_modified_time":"2024-03-06T11:49:34+00:00","twitter_card":"summary_large_image","twitter_misc":{"Szacowany czas czytania":"4 minuty"},"schema":{"@context":"https:\/\/schema.org","@graph":[{"@type":"WebPage","@id":"https:\/\/wbsaudyt.pl\/?page_id=302","url":"https:\/\/wbsaudyt.pl\/?page_id=302","name":"O Firmie - Wbs Audyt","isPartOf":{"@id":"https:\/\/wbsaudyt.pl\/#website"},"datePublished":"2024-02-01T13:12:00+00:00","dateModified":"2024-03-06T11:49:34+00:00","breadcrumb":{"@id":"https:\/\/wbsaudyt.pl\/?page_id=302#breadcrumb"},"inLanguage":"pl-PL","potentialAction":[{"@type":"ReadAction","target":["https:\/\/wbsaudyt.pl\/?page_id=302"]}]},{"@type":"BreadcrumbList","@id":"https:\/\/wbsaudyt.pl\/?page_id=302#breadcrumb","itemListElement":[{"@type":"ListItem","position":1,"name":"Strona g\u0142\u00f3wna","item":"https:\/\/wbsaudyt.pl\/"},{"@type":"ListItem","position":2,"name":"O Firmie"}]},{"@type":"WebSite","@id":"https:\/\/wbsaudyt.pl\/#website","url":"https:\/\/wbsaudyt.pl\/","name":"Wbs Audyt","description":"","publisher":{"@id":"https:\/\/wbsaudyt.pl\/#organization"},"potentialAction":[{"@type":"SearchAction","target":{"@type":"EntryPoint","urlTemplate":"https:\/\/wbsaudyt.pl\/?s={search_term_string}"},"query-input":"required name=search_term_string"}],"inLanguage":"pl-PL"},{"@type":"Organization","@id":"https:\/\/wbsaudyt.pl\/#organization","name":"Wbs Audyt","url":"https:\/\/wbsaudyt.pl\/","logo":{"@type":"ImageObject","inLanguage":"pl-PL","@id":"https:\/\/wbsaudyt.pl\/#\/schema\/logo\/image\/","url":"https:\/\/wbsrc.home.pl\/autoinstalator\/wordpress\/wp-content\/uploads\/2024\/01\/wbs_logo.png","contentUrl":"https:\/\/wbsrc.home.pl\/autoinstalator\/wordpress\/wp-content\/uploads\/2024\/01\/wbs_logo.png","width":598,"height":283,"caption":"Wbs Audyt"},"image":{"@id":"https:\/\/wbsaudyt.pl\/#\/schema\/logo\/image\/"}}]}},"_links":{"self":[{"href":"https:\/\/wbsaudyt.pl\/index.php?rest_route=\/wp\/v2\/pages\/302"}],"collection":[{"href":"https:\/\/wbsaudyt.pl\/index.php?rest_route=\/wp\/v2\/pages"}],"about":[{"href":"https:\/\/wbsaudyt.pl\/index.php?rest_route=\/wp\/v2\/types\/page"}],"author":[{"embeddable":true,"href":"https:\/\/wbsaudyt.pl\/index.php?rest_route=\/wp\/v2\/users\/1"}],"replies":[{"embeddable":true,"href":"https:\/\/wbsaudyt.pl\/index.php?rest_route=%2Fwp%2Fv2%2Fcomments&post=302"}],"version-history":[{"count":35,"href":"https:\/\/wbsaudyt.pl\/index.php?rest_route=\/wp\/v2\/pages\/302\/revisions"}],"predecessor-version":[{"id":522,"href":"https:\/\/wbsaudyt.pl\/index.php?rest_route=\/wp\/v2\/pages\/302\/revisions\/522"}],"wp:attachment":[{"href":"https:\/\/wbsaudyt.pl\/index.php?rest_route=%2Fwp%2Fv2%2Fmedia&parent=302"}],"curies":[{"name":"wp","href":"https:\/\/api.w.org\/{rel}","templated":true}]}}